{"id":256,"date":"2015-07-13T09:01:21","date_gmt":"2015-07-13T09:01:21","guid":{"rendered":"http:\/\/demo.vegatheme.com\/ourea\/?page_id=256"},"modified":"2020-09-24T19:47:42","modified_gmt":"2020-09-24T19:47:42","slug":"about","status":"publish","type":"page","link":"https:\/\/vim-agency.com\/?page_id=256","title":{"rendered":"NOSOTROS"},"content":{"rendered":"<p>[vc_row full_width=&#8221;yes&#8221;][vc_column]\t\r\n\r\n\t<div class=\"section fullwidth-height\">\t\r\n\t\t<div class=\"parallax-home\" style=\"background-image:url(https:\/\/vim-agency.com\/wp-content\/uploads\/2015\/07\/about.jpg);\"><\/div>\t\t\t\t\t\t\t\r\n\t\t<div class=\"white-over\"><\/div>\t\t\r\n\t\t<div class=\"hero-top\">\r\n\t\t\t<div class=\"container\">\t\t\t\r\n\t\t\t\t<div class=\"twelve columns\">\r\n\t\t\t\t\t<p>nosotros<\/p>\t\r\n\t\t\t\t\t<h2>NUESTRA AMBICI\u00d3N<br \/>\nES NUESTRO \u00c9XITO<\/h2>\t\t\t\t\t\t\t\t\t<\/div>\t\r\n\t\t\t<\/div>\t\r\n\t\t<\/div>\t\t\t\t\r\n\t<\/div>\r\n\r\n\t<script type=\"text\/javascript\">\r\n\t\t(function($) { \"use strict\";\r\n\t\t\t$(document).ready(function() {\r\n\t\t\t  $('.chaffle').chaffle({\r\n\t\t\t\tspeed: 10,\r\n\t\t\t\ttime: 60\r\n\t\t\t  });\r\n\t\t\t}); \r\n\t\t})(jQuery);\r\n\t<\/script>\r\n[\/vc_column][\/vc_row][vc_row css=&#8221;.vc_custom_1436778769171{padding-top: 60px !important;padding-bottom: 60px !important;background-color: #000000 !important;}&#8221;][vc_column width=&#8221;1\/4&#8243;]\t\t\r\n\t\t\t\t\t<div class=\"about-box\">\t\t\t\r\n\t\t\t\t<div class=\"icon\"><i class=\"ion-ios-lightbulb-outline\"><\/i><\/div>\r\n\t\t\t\t<h6>Creatividad<\/h6>\t\r\n\t\t\t\t<p>Logramos transmitir con ideas innovadoras y creativas cada aspecto de su empresa<\/p>\t\t\t\r\n\t\t\t<\/div>\r\n\t\t[\/vc_column][vc_column width=&#8221;1\/4&#8243;]\t\t\r\n\t\t\t\t\t<div class=\"about-box\">\t\t\t\r\n\t\t\t\t<div class=\"icon\"><i class=\"ion-ios-speedometer-outline\"><\/i><\/div>\r\n\t\t\t\t<h6>Funcionalidad<\/h6>\t\r\n\t\t\t\t<p>Siempre buscamos ser \u00fatiles y funcionales para todos nuestros clientes<\/p>\t\t\t\r\n\t\t\t<\/div>\r\n\t\t[\/vc_column][vc_column width=&#8221;1\/4&#8243;]\t\t\r\n\t\t\t\t\t<div class=\"about-box\">\t\t\t\r\n\t\t\t\t<div class=\"icon\"><i class=\"ion-ios-color-wand-outline\"><\/i><\/div>\r\n\t\t\t\t<h6>Magia<\/h6>\t\r\n\t\t\t\t<p>Somos apasionados y rompemos paradigmas dando un toque m\u00e1gico a cada proyecto que realizamos<\/p>\t\t\t\r\n\t\t\t<\/div>\r\n\t\t[\/vc_column][vc_column width=&#8221;1\/4&#8243;]\t\t\r\n\t\t\t\t\t<div class=\"about-box\">\t\t\t\r\n\t\t\t\t<div class=\"icon\"><i class=\"ion-ios-glasses-outline\"><\/i><\/div>\r\n\t\t\t\t<h6>Ambici\u00f3n<\/h6>\t\r\n\t\t\t\t<p>Estamos en constante crecimiento, siempre buscando mejorar cada \u00e1rea de nuestra organizaci\u00f3n<\/p>\t\t\t\r\n\t\t\t<\/div>\r\n\t\t[\/vc_column][\/vc_row][vc_row full_width=&#8221;yes&#8221; css=&#8221;.vc_custom_1436778799228{background-color: #f5f5f5 !important;}&#8221;][vc_column]\t\r\n\t<div class=\"cd-single-item\">\r\n\t\t<div class=\"cd-slider-wrapper\">\r\n\t\t\t<ul class=\"cd-slider\">\r\n\t\t\t\t\r\n\t\t\t\t<li  class=\"selected\"><img src=\"https:\/\/vim-agency.com\/wp-content\/uploads\/2015\/07\/img-1.jpg\" alt=\"\"><\/li>\r\n\r\n\t\t\t\t\r\n\t\t\t\t<li ><img src=\"https:\/\/vim-agency.com\/wp-content\/uploads\/2015\/07\/img-2.jpg\" alt=\"\"><\/li>\r\n\r\n\t\t\t\t\r\n\t\t\t\t<li ><img src=\"https:\/\/vim-agency.com\/wp-content\/uploads\/2015\/07\/img-3.jpg\" alt=\"\"><\/li>\r\n\r\n\t\t\t\t\t\t\t<\/ul> <!-- cd-slider -->\r\n\r\n\t\t\t<ul class=\"cd-slider-navigation\">\r\n\t\t\t\t<li><a href=\"#0\" class=\"cd-prev inactive\">Next<\/a><\/li>\r\n\t\t\t\t<li><a href=\"#0\" class=\"cd-next\">Prev<\/a><\/li>\r\n\t\t\t<\/ul> <!-- cd-slider-navigation -->\r\n\r\n\t\t\t<a href=\"#0\" class=\"cd-close\">Close<\/a>\r\n\t\t<\/div> <!-- cd-slider-wrapper -->\r\n\r\n\t\t<div class=\"cd-item-info\" data-scroll-reveal=\"enter bottom move 100px over 0.4s after 0.2s\">\t\t\r\n\t\t\t<div class=\"header-text main-pages\">\r\n\t\t\t\t<p>NOSOTROS<\/p>\t\t\t\t<h4>Que buscamos aportar al mundo<\/h4>\t\t\t<\/div>\r\n\t\t\t<div class=\"small-text\">Cada proyecto que forma parte de VIM es tomado con gran estusiamo y buscando darle ese valor agregado tan importante para nuestros clientes, buscamos publicitar de manera real con resultados reales, dar siempre la solucion a las problematicas de cada uno de los clientes que forman nuestra gran familia, sabes que el crecimiento de nuestros clientes es tambien nuestro, tenemos mas de 7 a\u00f1os de experiencia en el area de dise\u00f1o, marketing digital y tecnologia, los cuales nos respaldan.<\/div>\t\t\t\t\r\n\t\t<\/div> <!-- cd-item-info -->\r\n\t<\/div> <!-- cd-single-item -->\t\r\n\r\n\t[\/vc_column][\/vc_row][vc_row disable_element=&#8221;yes&#8221; css=&#8221;.vc_custom_1600973301181{padding-top: 120px !important;padding-bottom: 120px !important;background-color: #f5f5f5 !important;}&#8221;][vc_column width=&#8221;12\/12&#8243; el_class=&#8221;header-text main-pages&#8221;]<p style=\"text-align: center;\">our team<\/p><h3 style=\"text-align: center;\">We are moving boundaries and carry out this attitude into digital solutions.<\/h3>[\/vc_column][vc_column width=&#8221;4\/12&#8243;]\r\n\t<div class=\"team-box\">\t\r\n\t\t<img src=\"https:\/\/vim-agency.com\/wp-content\/uploads\/2015\/07\/team1.jpg\" alt=\"Alex Andrews\">\r\n\t\t<h6>Alex Andrews<\/h6>\t\t<p>founder<\/p>\t\r\n\t\t\t\t\r\n\t\t<div class=\"social-team\">\r\n\t\t\t<ul class=\"list-social-team\">\r\n\t\t\t\t\t\t\t\t\t<li class=\"icon-team tipped\" data-title=\"facebook\"  data-tipper-options='{\"direction\":\"top\",\"follow\":\"true\"}'>\r\n\t\t\t\t\t\t<a href=\"\" target=\"_blank\"><i class=\"fa fa-facebook\"><\/i><\/a>\t\t\t\t\t<\/li>\r\n\t\t\t\t\t\t\t\t\t\t\t\t\t<li class=\"icon-team tipped\" data-title=\"skype\"  data-tipper-options='{\"direction\":\"top\",\"follow\":\"true\"}'>\r\n\t\t\t\t\t\t<a href=\"#\" target=\"_blank\"><i class=\"fa fa-skype\"><\/i><\/a>\t\t\t\t\t<\/li>\r\n\t\t\t\t\t\t\t\t\t\t\t\t\t<li class=\"icon-team tipped\" data-title=\"google-plus\"  data-tipper-options='{\"direction\":\"top\",\"follow\":\"true\"}'>\r\n\t\t\t\t\t\t<a href=\"\" target=\"_blank\"><i class=\"fa fa-google-plus\"><\/i><\/a>\t\t\t\t\t<\/li>\r\n\t\t\t\t\t\t\t\t\t\t\t<\/ul>\t\r\n\t\t<\/div>\r\n\t<\/div>\t\r\n\r\n[\/vc_column][vc_column width=&#8221;4\/12&#8243;]\r\n\t<div class=\"team-box\">\t\r\n\t\t<img src=\"https:\/\/vim-agency.com\/wp-content\/uploads\/2015\/07\/team2.jpg\" alt=\"Kara Kulis\">\r\n\t\t<h6>Kara Kulis<\/h6>\t\t<p>art director<\/p>\t\r\n\t\t\t\t\r\n\t\t<div class=\"social-team\">\r\n\t\t\t<ul class=\"list-social-team\">\r\n\t\t\t\t\t\t\t\t\t<li class=\"icon-team tipped\" data-title=\"google-plus\"  data-tipper-options='{\"direction\":\"top\",\"follow\":\"true\"}'>\r\n\t\t\t\t\t\t<a href=\"#\" target=\"_blank\"><i class=\"fa fa-google-plus\"><\/i><\/a>\t\t\t\t\t<\/li>\r\n\t\t\t\t\t\t\t\t\t\t\t\t\t<li class=\"icon-team tipped\" data-title=\"facebook\"  data-tipper-options='{\"direction\":\"top\",\"follow\":\"true\"}'>\r\n\t\t\t\t\t\t<a href=\"#\" target=\"_blank\"><i class=\"fa fa-facebook\"><\/i><\/a>\t\t\t\t\t<\/li>\r\n\t\t\t\t\t\t\t\t\t\t\t\t\t<li class=\"icon-team tipped\" data-title=\"twitter\"  data-tipper-options='{\"direction\":\"top\",\"follow\":\"true\"}'>\r\n\t\t\t\t\t\t<a href=\"#\" target=\"_blank\"><i class=\"fa fa-twitter\"><\/i><\/a>\t\t\t\t\t<\/li>\r\n\t\t\t\t\t\t\t\t\t\t\t<\/ul>\t\r\n\t\t<\/div>\r\n\t<\/div>\t\r\n\r\n[\/vc_column][vc_column width=&#8221;4\/12&#8243;]\r\n\t<div class=\"team-box\">\t\r\n\t\t<img src=\"https:\/\/vim-agency.com\/wp-content\/uploads\/2015\/07\/team3.jpg\" alt=\"Frank Furius\">\r\n\t\t<h6>Frank Furius<\/h6>\t\t<p>developer<\/p>\t\r\n\t\t\t\t\r\n\t\t<div class=\"social-team\">\r\n\t\t\t<ul class=\"list-social-team\">\r\n\t\t\t\t\t\t\t\t\t<li class=\"icon-team tipped\" data-title=\"twitter\"  data-tipper-options='{\"direction\":\"top\",\"follow\":\"true\"}'>\r\n\t\t\t\t\t\t<a href=\"#\" target=\"_blank\"><i class=\"fa fa-twitter\"><\/i><\/a>\t\t\t\t\t<\/li>\r\n\t\t\t\t\t\t\t\t\t\t\t\t\t<li class=\"icon-team tipped\" data-title=\"facebook\"  data-tipper-options='{\"direction\":\"top\",\"follow\":\"true\"}'>\r\n\t\t\t\t\t\t<a href=\"#\" target=\"_blank\"><i class=\"fa fa-facebook\"><\/i><\/a>\t\t\t\t\t<\/li>\r\n\t\t\t\t\t\t\t\t\t\t\t\t\t<li class=\"icon-team tipped\" data-title=\"skype\"  data-tipper-options='{\"direction\":\"top\",\"follow\":\"true\"}'>\r\n\t\t\t\t\t\t<a href=\"#\" target=\"_blank\"><i class=\"fa fa-skype\"><\/i><\/a>\t\t\t\t\t<\/li>\r\n\t\t\t\t\t\t\t\t\t\t\t<\/ul>\t\r\n\t\t<\/div>\r\n\t<\/div>\t\r\n\r\n[\/vc_column][\/vc_row][vc_row disable_element=&#8221;yes&#8221; css=&#8221;.vc_custom_1600973310991{padding-top: 60px !important;padding-bottom: 60px !important;background-color: #16a085 !important;}&#8221;][vc_column width=&#8221;1\/4&#8243;]\t\r\n\t<div class=\"counter-wrap\">\r\n\t\t<div class=\"icon-count\"><i class=\"ion-ios-people-outline\"><\/i><\/div>\r\n\t\t<div class=\"counter-numb\"><em class=\"counter-facts\">126<\/em><\/div>\r\n\t\t<p>Satisfied Clients<\/p>\t\r\n\t<\/div>\r\n\t\r\n[\/vc_column][vc_column width=&#8221;1\/4&#8243;]\t\r\n\t<div class=\"counter-wrap\">\r\n\t\t<div class=\"icon-count\"><i class=\"ion-ios-browsers-outline\"><\/i><\/div>\r\n\t\t<div class=\"counter-numb\"><em class=\"counter-facts\">246<\/em><\/div>\r\n\t\t<p>Finished Projects<\/p>\t\r\n\t<\/div>\r\n\t\r\n[\/vc_column][vc_column width=&#8221;1\/4&#8243;]\t\r\n\t<div class=\"counter-wrap\">\r\n\t\t<div class=\"icon-count\"><i class=\"ion-ios-compose-outline\"><\/i><\/div>\r\n\t\t<div class=\"counter-numb\"><em class=\"counter-facts\">1900<\/em><\/div>\r\n\t\t<p>Lines Of Code<\/p>\t\r\n\t<\/div>\r\n\t\r\n[\/vc_column][vc_column width=&#8221;1\/4&#8243;]\t\r\n\t<div class=\"counter-wrap\">\r\n\t\t<div class=\"icon-count\"><i class=\"ion-ios-heart-outline\"><\/i><\/div>\r\n\t\t<div class=\"counter-numb\"><em class=\"counter-facts\">35<\/em><\/div>\r\n\t\t<p>Awards Won<\/p>\t\r\n\t<\/div>\r\n\t\r\n[\/vc_column][\/vc_row][vc_row disable_element=&#8221;yes&#8221; css=&#8221;.vc_custom_1600973322106{padding-top: 120px !important;padding-bottom: 120px !important;background-color: #ffffff !important;}&#8221;][vc_column width=&#8221;12\/12&#8243; el_class=&#8221;header-text main-pages&#8221;]<p style=\"text-align: center;\">SERVICES<\/p><h3 style=\"text-align: center;\">We use cutting-edge tech and cutting-edge thinking to bring brands to life online.<\/h3>[\/vc_column][vc_column width=&#8221;3\/12&#8243;]\t\t\r\n\t\t\t\t\t<div class=\"services-box\">\r\n\t\t\t\t<div class=\"icon\"><i class=\"ion-ios-settings\"><\/i><\/div>\r\n\t\t\t\t<h6>about-box<\/h6>\r\n\t\t\t\t<p>Praesent sed nisi eleifend, fermentum orci amet, iaculis ultricies purus.<\/p>\r\n\t\t\t<\/div>\r\n\t\t\r\n\t\t[\/vc_column][vc_column width=&#8221;3\/12&#8243;]\t\t\r\n\t\t\t\t\t<div class=\"services-box\">\r\n\t\t\t\t<div class=\"icon\"><i class=\"ion-ios-analytics-outline\"><\/i><\/div>\r\n\t\t\t\t<h6>Learn<\/h6>\r\n\t\t\t\t<p>Praesent sed nisi eleifend, fermentum orci amet, iaculis ultricies purus.<\/p>\r\n\t\t\t<\/div>\r\n\t\t\r\n\t\t[\/vc_column][vc_column width=&#8221;3\/12&#8243;]\t\t\r\n\t\t\t\t\t<div class=\"services-box\">\r\n\t\t\t\t<div class=\"icon\"><i class=\"ion-ios-lightbulb-outline\"><\/i><\/div>\r\n\t\t\t\t<h6>Innovate<\/h6>\r\n\t\t\t\t<p>Praesent sed nisi eleifend, fermentum orci amet, iaculis ultricies purus.<\/p>\r\n\t\t\t<\/div>\r\n\t\t\r\n\t\t[\/vc_column][vc_column width=&#8221;3\/12&#8243;]\t\t\r\n\t\t\t\t\t<div class=\"services-box\">\r\n\t\t\t\t<div class=\"icon\"><i class=\"ion-ios-search\"><\/i><\/div>\r\n\t\t\t\t<h6>Networking<\/h6>\r\n\t\t\t\t<p>Praesent sed nisi eleifend, fermentum orci amet, iaculis ultricies purus.<\/p>\r\n\t\t\t<\/div>\r\n\t\t\r\n\t\t[\/vc_column][vc_column width=&#8221;3\/12&#8243;]\t\t\r\n\t\t\t\t\t<div class=\"services-box\">\r\n\t\t\t\t<div class=\"icon\"><i class=\"ion-ios-pulse\"><\/i><\/div>\r\n\t\t\t\t<h6>Analytics<\/h6>\r\n\t\t\t\t<p>Praesent sed nisi eleifend, fermentum orci amet, iaculis ultricies purus.<\/p>\r\n\t\t\t<\/div>\r\n\t\t\r\n\t\t[\/vc_column][vc_column width=&#8221;3\/12&#8243;]\t\t\r\n\t\t\t\t\t<div class=\"services-box\">\r\n\t\t\t\t<div class=\"icon\"><i class=\"ion-ios-gear-outline\"><\/i><\/div>\r\n\t\t\t\t<h6>Development<\/h6>\r\n\t\t\t\t<p>Praesent sed nisi eleifend, fermentum orci amet, iaculis ultricies purus.<\/p>\r\n\t\t\t<\/div>\r\n\t\t\r\n\t\t[\/vc_column][vc_column width=&#8221;3\/12&#8243;]\t\t\r\n\t\t\t\t\t<div class=\"services-box\">\r\n\t\t\t\t<div class=\"icon\"><i class=\"ion-ios-cloud-outline\"><\/i><\/div>\r\n\t\t\t\t<h6>Cloud Hosting<\/h6>\r\n\t\t\t\t<p>Praesent sed nisi eleifend, fermentum orci amet, iaculis ultricies purus.<\/p>\r\n\t\t\t<\/div>\r\n\t\t\r\n\t\t[\/vc_column][vc_column width=&#8221;3\/12&#8243;]\t\t\r\n\t\t\t\t\t<div class=\"services-box\">\r\n\t\t\t\t<div class=\"icon\"><i class=\"ion-ios-chatboxes-outline\"><\/i><\/div>\r\n\t\t\t\t<h6>Friendly Support<\/h6>\r\n\t\t\t\t<p>Praesent sed nisi eleifend, fermentum orci amet, iaculis ultricies purus.<\/p>\r\n\t\t\t<\/div>\r\n\t\t\r\n\t\t[\/vc_column][\/vc_row][vc_row css=&#8221;.vc_custom_1600976308993{padding-top: 120px !important;padding-bottom: 120px !important;background-color: #000000 !important;background-position: center !important;background-repeat: no-repeat !important;background-size: cover !important;}&#8221;][vc_column][vc_icon icon_fontawesome=&#8221;far fa-heart&#8221; color=&#8221;custom&#8221; align=&#8221;center&#8221; css_animation=&#8221;bounceInUp&#8221; custom_color=&#8221;#16a085&#8243;]<h1 style=\"font-size: 20px;text-align: center;color: #ffffff;\">``En el camino como emprendedor me eh encontrado con diversas dificultades pero el mismo camino me ense\u00f1o a superarlas basta con nunca rendirse y darse cuenta que tu mente es la que te llevara hacia el \u00e9xito, as\u00ed que cuida lo que piensas``<\/h1>\t\t\r\n\t<div class=\"contact-block\">\t\t\t\t\t\t\t\t\t\t\t\t\t\t\t\t\r\n\t\t<div class=\"text\">\t\t\t\t\r\n\t\t\t<h6><\/h6>\t\r\n\t\t\t<p><span><i class=\"\"><\/i><\/span> Kevin Del Angel<\/p>\n<p>CEO \/ FOUNDER VIM AGENCY<\/p>\r\n\t\t<\/div>\r\n\t<\/div>\r\n\r\n[\/vc_column][\/vc_row][vc_row css=&#8221;.vc_custom_1436780668953{padding-top: 30px !important;padding-bottom: 30px !important;background-color: #000000 !important;}&#8221;][vc_column]\t\r\n\t<div id=\"owl-logo\" class=\"owl-carousel owl-theme\">\r\n\t\t\t\t\r\n\t\t\t<div class=\"item\"><a href=\"\" target=\"_blank\" ><img src=\"https:\/\/vim-agency.com\/wp-content\/uploads\/2020\/08\/acdc.png\" alt=\"\"><\/a><\/div>\r\n\r\n\t\t\t\t\r\n\t\t\t<div class=\"item\"><a href=\"\" target=\"_blank\" ><img src=\"https:\/\/vim-agency.com\/wp-content\/uploads\/2020\/08\/agrosanta.png\" alt=\"\"><\/a><\/div>\r\n\r\n\t\t\t\t\r\n\t\t\t<div class=\"item\"><a href=\"\" target=\"_blank\" ><img src=\"https:\/\/vim-agency.com\/wp-content\/uploads\/2020\/08\/Art-Point-polanco.png\" alt=\"\"><\/a><\/div>\r\n\r\n\t\t\t\t\r\n\t\t\t<div class=\"item\"><a href=\"\" target=\"_blank\" ><img src=\"https:\/\/vim-agency.com\/wp-content\/uploads\/2020\/08\/biulu.png\" alt=\"\"><\/a><\/div>\r\n\r\n\t\t\t\t\r\n\t\t\t<div class=\"item\"><a href=\"\" target=\"_blank\" ><img src=\"https:\/\/vim-agency.com\/wp-content\/uploads\/2020\/08\/Bros.png\" alt=\"\"><\/a><\/div>\r\n\r\n\t\t\t\t\r\n\t\t\t<div class=\"item\"><a href=\"\" target=\"_blank\" ><img src=\"https:\/\/vim-agency.com\/wp-content\/uploads\/2020\/08\/CLR.png\" alt=\"\"><\/a><\/div>\r\n\r\n\t\t\t\t\r\n\t\t\t<div class=\"item\"><a href=\"\" target=\"_blank\" ><img src=\"https:\/\/vim-agency.com\/wp-content\/uploads\/2020\/08\/cumbres.png\" alt=\"\"><\/a><\/div>\r\n\r\n\t\t\t\t\r\n\t\t\t<div class=\"item\"><a href=\"\" target=\"_blank\" ><img src=\"https:\/\/vim-agency.com\/wp-content\/uploads\/2020\/08\/filicori.png\" alt=\"\"><\/a><\/div>\r\n\r\n\t\t\t\t\r\n\t\t\t<div class=\"item\"><a href=\"\" target=\"_blank\" ><img src=\"https:\/\/vim-agency.com\/wp-content\/uploads\/2020\/08\/grupo-2001.png\" alt=\"\"><\/a><\/div>\r\n\r\n\t\t\t\t\r\n\t\t\t<div class=\"item\"><a href=\"\" target=\"_blank\" ><img src=\"https:\/\/vim-agency.com\/wp-content\/uploads\/2020\/08\/indio-taquero.png\" alt=\"\"><\/a><\/div>\r\n\r\n\t\t\t\t\r\n\t\t\t<div class=\"item\"><a href=\"\" target=\"_blank\" ><img src=\"https:\/\/vim-agency.com\/wp-content\/uploads\/2020\/08\/infretas.png\" alt=\"\"><\/a><\/div>\r\n\r\n\t\t\t\t\r\n\t\t\t<div class=\"item\"><a href=\"\" target=\"_blank\" ><img src=\"https:\/\/vim-agency.com\/wp-content\/uploads\/2020\/08\/inverfinmax.png\" alt=\"\"><\/a><\/div>\r\n\r\n\t\t\t\t\r\n\t\t\t<div class=\"item\"><a href=\"\" target=\"_blank\" ><img src=\"https:\/\/vim-agency.com\/wp-content\/uploads\/2020\/08\/jalife-caballero.png\" alt=\"\"><\/a><\/div>\r\n\r\n\t\t\t\t\r\n\t\t\t<div class=\"item\"><a href=\"\" target=\"_blank\" ><img src=\"https:\/\/vim-agency.com\/wp-content\/uploads\/2020\/08\/mexmot.png\" alt=\"\"><\/a><\/div>\r\n\r\n\t\t\t\t\r\n\t\t\t<div class=\"item\"><a href=\"\" target=\"_blank\" ><img src=\"https:\/\/vim-agency.com\/wp-content\/uploads\/2020\/08\/mia.png\" alt=\"\"><\/a><\/div>\r\n\r\n\t\t\t\t\r\n\t\t\t<div class=\"item\"><a href=\"\" target=\"_blank\" ><img src=\"https:\/\/vim-agency.com\/wp-content\/uploads\/2020\/08\/moire.png\" alt=\"\"><\/a><\/div>\r\n\r\n\t\t\t\t\r\n\t\t\t<div class=\"item\"><a href=\"\" target=\"_blank\" ><img src=\"https:\/\/vim-agency.com\/wp-content\/uploads\/2020\/08\/pueblo-chico.png\" alt=\"\"><\/a><\/div>\r\n\r\n\t\t\t\t\r\n\t\t\t<div class=\"item\"><a href=\"\" target=\"_blank\" ><img src=\"https:\/\/vim-agency.com\/wp-content\/uploads\/2020\/08\/reines.png\" alt=\"\"><\/a><\/div>\r\n\r\n\t\t\t\t\r\n\t\t\t<div class=\"item\"><a href=\"\" target=\"_blank\" ><img src=\"https:\/\/vim-agency.com\/wp-content\/uploads\/2020\/08\/sagopa.png\" alt=\"\"><\/a><\/div>\r\n\r\n\t\t\t\t\r\n\t\t\t<div class=\"item\"><a href=\"\" target=\"_blank\" ><img src=\"https:\/\/vim-agency.com\/wp-content\/uploads\/2020\/08\/vr.png\" alt=\"\"><\/a><\/div>\r\n\r\n\t\t\t\t\r\n\t\t\t<div class=\"item\"><a href=\"\" target=\"_blank\" ><img src=\"https:\/\/vim-agency.com\/wp-content\/uploads\/2020\/08\/smile-design.png\" alt=\"\"><\/a><\/div>\r\n\r\n\t\t\t\t\r\n\t\t\t<div class=\"item\"><a href=\"\" target=\"_blank\" ><img src=\"https:\/\/vim-agency.com\/wp-content\/uploads\/2020\/08\/craftrack-1.png\" alt=\"\"><\/a><\/div>\r\n\r\n\t\t\t\t\r\n\t\t\t<div class=\"item\"><a href=\"\" target=\"_blank\" ><img src=\"https:\/\/vim-agency.com\/wp-content\/uploads\/2020\/08\/ACR.png\" alt=\"\"><\/a><\/div>\r\n\r\n\t\t\t\r\n\t<\/div>\r\n\t<script type=\"text\/javascript\">\r\n\t\t(function($) { \"use strict\";\r\n\t\t\t\/\/Logo Carousel\r\n\t\t\t$(document).ready(function() {\t\t\t \r\n\t\t\t  var owl = $(\"#owl-logo\");\t\t\t \r\n\t\t\t  owl.owlCarousel({\r\n\t\t\t\t\titems : 6, \/\/6 items above 1000px browser width\r\n\t\t\t\t\titemsDesktop : [1000,4], \/\/4 items between 1000px and 901px\r\n\t\t\t\t\titemsDesktopSmall : [900,3], \/\/ betweem 900px and 601px\r\n\t\t\t\t\titemsTablet: [600,2], \/\/2 items between 600 and 0\r\n\t\t\t\t\titemsMobile : false, \/\/ itemsMobile disabled - inherit from itemsTablet option\r\n\t\t\t\t\tpagination : false,\r\n\t\t\t\t\tautoPlay : 4000,\r\n\t\t\t\t\tslideSpeed : 500,\r\n\t\t\t\t\tpaginationSpeed : 500\r\n\t\t\t  });\t\r\n\t\t\t});\r\n\t\t})(jQuery); \r\n\t<\/script>\r\n\r\n[\/vc_column][\/vc_row]<\/p>\n","protected":false},"excerpt":{"rendered":"<p>[vc_row full_width=&#8221;yes&#8221;][vc_column][\/vc_column][\/vc_row][vc_row css=&#8221;.vc_custom_1436778769171{padding-top: 60px !important;padding-bottom: 60px !important;background-color: #000000 !important;}&#8221;][vc_column width=&#8221;1\/4&#8243;][\/vc_column][vc_column width=&#8221;1\/4&#8243;][\/vc_column][vc_column width=&#8221;1\/4&#8243;][\/vc_column][vc_column width=&#8221;1\/4&#8243;][\/vc_column][\/vc_row][vc_row full_width=&#8221;yes&#8221; css=&#8221;.vc_custom_1436778799228{background-color: #f5f5f5 !important;}&#8221;][vc_column][\/vc_column][\/vc_row][vc_row disable_element=&#8221;yes&#8221; css=&#8221;.vc_custom_1600973301181{padding-top: 120px !important;padding-bottom: 120px !important;background-color: #f5f5f5 !important;}&#8221;][vc_column width=&#8221;12\/12&#8243; el_class=&#8221;header-text main-pages&#8221;][\/vc_column][vc_column width=&#8221;4\/12&#8243;][\/vc_column][vc_column width=&#8221;4\/12&#8243;][\/vc_column][vc_column width=&#8221;4\/12&#8243;][\/vc_column][\/vc_row][vc_row disable_element=&#8221;yes&#8221; css=&#8221;.vc_custom_1600973310991{padding-top: 60px !important;padding-bottom: 60px !important;background-color: #16a085 !important;}&#8221;][vc_column width=&#8221;1\/4&#8243;][\/vc_column][vc_column width=&#8221;1\/4&#8243;][\/vc_column][vc_column width=&#8221;1\/4&#8243;][\/vc_column][vc_column width=&#8221;1\/4&#8243;][\/vc_column][\/vc_row][vc_row disable_element=&#8221;yes&#8221; css=&#8221;.vc_custom_1600973322106{padding-top: 120px !important;padding-bottom: 120px !important;background-color: #ffffff !important;}&#8221;][vc_column width=&#8221;12\/12&#8243; el_class=&#8221;header-text main-pages&#8221;][\/vc_column][vc_column width=&#8221;3\/12&#8243;][\/vc_column][vc_column [&hellip;]<\/p>\n","protected":false},"author":1,"featured_media":0,"parent":0,"menu_order":0,"comment_status":"open","ping_status":"closed","template":"page-templates\/template-canvas.php","meta":[],"_links":{"self":[{"href":"https:\/\/vim-agency.com\/index.php?rest_route=\/wp\/v2\/pages\/256"}],"collection":[{"href":"https:\/\/vim-agency.com\/index.php?rest_route=\/wp\/v2\/pages"}],"about":[{"href":"https:\/\/vim-agency.com\/index.php?rest_route=\/wp\/v2\/types\/page"}],"author":[{"embeddable":true,"href":"https:\/\/vim-agency.com\/index.php?rest_route=\/wp\/v2\/users\/1"}],"replies":[{"embeddable":true,"href":"https:\/\/vim-agency.com\/index.php?rest_route=%2Fwp%2Fv2%2Fcomments&post=256"}],"version-history":[{"count":33,"href":"https:\/\/vim-agency.com\/index.php?rest_route=\/wp\/v2\/pages\/256\/revisions"}],"predecessor-version":[{"id":856,"href":"https:\/\/vim-agency.com\/index.php?rest_route=\/wp\/v2\/pages\/256\/revisions\/856"}],"wp:attachment":[{"href":"https:\/\/vim-agency.com\/index.php?rest_route=%2Fwp%2Fv2%2Fmedia&parent=256"}],"curies":[{"name":"wp","href":"https:\/\/api.w.org\/{rel}","templated":true}]}}